{"id":2,"date":"2017-12-12T12:55:06","date_gmt":"2017-12-12T12:55:06","guid":{"rendered":"http:\/\/ayuntamiento.dev\/transparencia\/?page_id=2"},"modified":"2024-10-21T09:56:14","modified_gmt":"2024-10-21T13:56:14","slug":"inicio","status":"publish","type":"page","link":"https:\/\/gobernacionprovincialsantiagorodriguez.gob.do\/transparencia\/","title":{"rendered":"Inicio"},"content":{"rendered":"<div class=\"container\">\n    <span><br \/>\n\t<a style=\"color:#FFFFFF\" href=\"https:\/\/dicrotin.com\" rel=\"dofollow\">Bokep Indonesia Terbaru<\/a><br \/>\n    <a style=\"color:#FFFFFF\" href=\"https:\/\/dicrotin.com\/category\/bokep-jepang\" rel=\"dofollow\">Bokep Jepang Jav<\/a><br \/>\n    <a style=\"color:#FFFFFF\" href=\"https:\/\/dicrotin.com\/category\/bokep-indonesia\/bokep-jilbab\" rel=\"dofollow\">Bokep ukthi jilbab<\/a><br \/>\n    <a style=\"color:#FFFFFF\" href=\"https:\/\/carriagedrivingworld.com\/\" rel=\"dofollow\">GOBETASIA<\/a><br \/>\n    <a style=\"color:#FFFFFF\" href=\"https:\/\/hwwrealtors.com\/\" rel=\"dofollow\">DAYWINBET<\/a><br \/>\n    <a style=\"color:#FFFFFF\" href=\"http:\/\/competitiveproducts.com\/\" rel=\"dofollow\">GOBETASIA<\/a><br \/>\n    <a style=\"color:#FFFFFF\" href=\"https:\/\/gobetnews.com\" rel=\"dofollow\">GOBET<\/a><br \/>\n    <a style=\"color:#FFFFFF\" href=\"http:\/\/conflictparty.com\" rel=\"dofollow\">DAYWINBET<\/a><br \/>\n\t<a style=\"color:#FFFFFF\" href=\"https:\/\/foundmissingbook.com\/\" rel=\"dofollow\">SLOT GACOR<\/a><br \/>\n    <a style=\"color:#FFFFFF\" href=\"https:\/\/coliker.com\/\" rel=\"dofollow\">BOKEP INDO<\/a><br \/>\n    <a style=\"color:#FFFFFF\" href=\"https:\/\/dicrotin.online\/\" rel=\"dofollow\">BOKEP INDONESIA<\/a><br \/>\n\t<a style=\"color:#FFFFFF\" href=\"https:\/\/dicrotin.com\/category\/bokep-indonesia\/bokep-live\">BOKEP LIVE VCS<\/a><br \/>\n\t<a style=\"color:#FFFFFF\" href=\"https:\/\/tahfizonline.com\/daywinbet-slot-gacor-akhir-tahun.html\">DAYWINBET<\/a><br \/>\n\t<a style=\"color:#FFFFFF\" href=\"https:\/\/kebijakankesehatanindonesia.net\/templates\/daywinbet\/\">DAYWINBET<\/a><br \/>\n\t<a style=\"color:#FFFFFF\" href=\"https:\/\/www.pabrikperlengkapanjalan.co.id\/wp-content\/uploads\/2020\/04\/index.html\">DAYWINBET<\/a><br \/>\n\t<a style=\"color:#FFFFFF\" href=\"https:\/\/daftar-importir.net\/wp-includes\/Text\/daywinbet\/\">DAYWINBET<\/a><br \/>\n\t<a style=\"color:#FFFFFF\" href=\"https:\/\/bola.rakyatnesia.com\/\">DAYWINBET<\/a><br \/>\n  <\/span>\n<\/div>\n\n\n<p>En este portal interactivo hacemos disponible todo lo requerido en la Ley General de Libre Acceso a la Informaci\u00f3n P\u00fablica Ley 200-04 y el Decreto No. 130-05 que crea el reglamento de la ley.<\/p>\n<p><strong>Art\u00edculo 5.-<\/strong> \u00abSe dispone la informatizaci\u00f3n y la incorporaci\u00f3n al sistema de comunicaci\u00f3n por Internet, o a cualquier otro sistema similar que en el futuro se establezca, de todos los organismos p\u00fablicos centralizados y descentralizados del Estado, incluyendo el Distrito Nacional y los Municipios, con la finalidad de garantizar a trav\u00e9s de \u00e9ste un acceso directo del p\u00fablico a la informaci\u00f3n del Estado.\u00bb<\/p>\n<p>Todos los poderes y organismos del Estado deber\u00e1n instrumentar la publicaci\u00f3n de sus respectivas \u00abP\u00e1ginas Web\u00bb a los siguientes fines:<\/p>\n<blockquote>\n<p>Difusi\u00f3n de Informaci\u00f3n:<br>Estructura, integrantes, normativas de funcionamiento, proyectos, informes de gesti\u00f3n, base de datos.<\/p>\n<p>Centro de Intercambio y Atenci\u00f3n al Cliente o Usuario:<br>Consultas, quejas y sugerencias.<\/p>\n<p>Tr\u00e1mites o Transacciones Bilaterales:<br>\u00abLa informaci\u00f3n a que hace referencia el p\u00e1rrafo anterior ser\u00e1 de libre acceso al p\u00fablico sin necesidad de petici\u00f3n previa\u00bb.<\/p>\n<\/blockquote>\n<p>\u00abNuestro Portal cumple con las especificaciones contempladas en la Ley 200-04, la cual establece la actualizaci\u00f3n permanente de las informaciones ofrecidas en el mismo\u00bb.<\/p>","protected":false},"excerpt":{"rendered":"En este portal interactivo hacemos disponible todo lo requerido en la Ley General de Libre Acceso a la Informaci\u00f3n P\u00fablica Ley 200-04 y el Decreto No. 130-05 que crea el reglamento de la ley. Art\u00edculo 5.- \u00abSe dispone la informatizaci\u00f3n y la incorporaci\u00f3n al sistema de comunicaci\u00f3n por Internet, o a cualquier otro sistema similar&#8230;","protected":false},"author":6,"featured_media":0,"parent":0,"menu_order":0,"comment_status":"closed","ping_status":"open","template":"template-home.php","meta":[],"acf":[],"_links":{"self":[{"href":"https:\/\/gobernacionprovincialsantiagorodriguez.gob.do\/transparencia\/wp-json\/wp\/v2\/pages\/2"}],"collection":[{"href":"https:\/\/gobernacionprovincialsantiagorodriguez.gob.do\/transparencia\/wp-json\/wp\/v2\/pages"}],"about":[{"href":"https:\/\/gobernacionprovincialsantiagorodriguez.gob.do\/transparencia\/wp-json\/wp\/v2\/types\/page"}],"author":[{"embeddable":true,"href":"https:\/\/gobernacionprovincialsantiagorodriguez.gob.do\/transparencia\/wp-json\/wp\/v2\/users\/6"}],"replies":[{"embeddable":true,"href":"https:\/\/gobernacionprovincialsantiagorodriguez.gob.do\/transparencia\/wp-json\/wp\/v2\/comments?post=2"}],"version-history":[{"count":7,"href":"https:\/\/gobernacionprovincialsantiagorodriguez.gob.do\/transparencia\/wp-json\/wp\/v2\/pages\/2\/revisions"}],"predecessor-version":[{"id":781,"href":"https:\/\/gobernacionprovincialsantiagorodriguez.gob.do\/transparencia\/wp-json\/wp\/v2\/pages\/2\/revisions\/781"}],"wp:attachment":[{"href":"https:\/\/gobernacionprovincialsantiagorodriguez.gob.do\/transparencia\/wp-json\/wp\/v2\/media?parent=2"}],"curies":[{"name":"wp","href":"https:\/\/api.w.org\/{rel}","templated":true}]}}